{"id":6,"date":"2019-09-18T20:42:03","date_gmt":"2019-09-18T18:42:03","guid":{"rendered":"https:\/\/testms.renovabis.sk\/?page_id=6"},"modified":"2019-09-30T17:31:33","modified_gmt":"2019-09-30T15:31:33","slug":"lorem-ipsum","status":"publish","type":"page","link":"https:\/\/ms.renovabis.sk\/","title":{"rendered":"Vitajte na str\u00e1nke&#8230;"},"content":{"rendered":"<p style=\"text-align: center;\">Vitajte na str\u00e1nke PROGRAMU PODPORY ROZVOJA A RODINNEJ PASTOR\u00c1CIE V CIRKEVN\u00ddCH MATERSK\u00ddCH \u0160KOL\u00c1CH NA\u00a0SLOVENSKU<\/p>\n","protected":false},"excerpt":{"rendered":"<p>Vitajte na str\u00e1nke PROGRAMU PODPORY ROZVOJA A RODINNEJ PASTOR\u00c1CIE V CIRKEVN\u00ddCH MATERSK\u00ddCH \u0160KOL\u00c1CH NA\u00a0SLOVENSKU<\/p>\n","protected":false},"author":1,"featured_media":0,"parent":0,"menu_order":0,"comment_status":"closed","ping_status":"closed","template":"fullwidth.php","meta":{"footnotes":""},"class_list":["post-6","page","type-page","status-publish","hentry"],"_links":{"self":[{"href":"https:\/\/ms.renovabis.sk\/index.php?rest_route=\/wp\/v2\/pages\/6"}],"collection":[{"href":"https:\/\/ms.renovabis.sk\/index.php?rest_route=\/wp\/v2\/pages"}],"about":[{"href":"https:\/\/ms.renovabis.sk\/index.php?rest_route=\/wp\/v2\/types\/page"}],"author":[{"embeddable":true,"href":"https:\/\/ms.renovabis.sk\/index.php?rest_route=\/wp\/v2\/users\/1"}],"replies":[{"embeddable":true,"href":"https:\/\/ms.renovabis.sk\/index.php?rest_route=%2Fwp%2Fv2%2Fcomments&post=6"}],"version-history":[{"count":7,"href":"https:\/\/ms.renovabis.sk\/index.php?rest_route=\/wp\/v2\/pages\/6\/revisions"}],"predecessor-version":[{"id":90,"href":"https:\/\/ms.renovabis.sk\/index.php?rest_route=\/wp\/v2\/pages\/6\/revisions\/90"}],"wp:attachment":[{"href":"https:\/\/ms.renovabis.sk\/index.php?rest_route=%2Fwp%2Fv2%2Fmedia&parent=6"}],"curies":[{"name":"wp","href":"https:\/\/api.w.org\/{rel}","templated":true}]}}