{"id":42,"date":"2019-09-21T21:56:31","date_gmt":"2019-09-21T19:56:31","guid":{"rendered":"https:\/\/testms.renovabis.sk\/?page_id=42"},"modified":"2020-06-30T15:57:57","modified_gmt":"2020-06-30T13:57:57","slug":"na-stiahnutie","status":"publish","type":"page","link":"https:\/\/ms.renovabis.sk\/?page_id=42","title":{"rendered":"Na stiahnutie"},"content":{"rendered":"<div class='w3eden'><!-- WPDM Link Template: Default Template -->\n\n<div class=\"link-template-default card mb-2\">\n    <div class=\"card-body\">\n        <div class=\"media\">\n            <div class=\"mr-3 img-48\"><img decoding=\"async\" class=\"wpdm_icon\" alt=\"Ikona\" src=\"https:\/\/ms.renovabis.sk\/wp-content\/plugins\/download-manager\/assets\/file-type-icons\/pdf.svg\" \/><\/div>\n            <div class=\"media-body\">\n                <h3 class=\"package-title\"><a href='https:\/\/ms.renovabis.sk\/?wpdmpro=2020-zoznam-schvalenych-projektov'>2020 - Zoznam schv\u00e1len\u00fdch projektov<\/a><\/h3>\n                <div class=\"text-muted text-small\"><i class=\"fas fa-copy\"><\/i> 1 s\u00fabor(y) <i class=\"fas fa-hdd ml-3\"><\/i> 108.20 KB<\/div>\n            <\/div>\n            <div class=\"ml-3\">\n                <a class='wpdm-download-link download-on-click btn btn-primary btn-sm' rel='nofollow' href='#' data-downloadurl=\"https:\/\/ms.renovabis.sk\/?wpdmpro=2020-zoznam-schvalenych-projektov&wpdmdl=127&refresh=69fb2f3b9b0931778069307\">Stiahnu\u0165<\/a>\n            <\/div>\n        <\/div>\n    <\/div>\n<\/div>\n\n<\/div>\n<div class='w3eden'><!-- WPDM Link Template: Default Template -->\n\n<div class=\"link-template-default card mb-2\">\n    <div class=\"card-body\">\n        <div class=\"media\">\n            <div class=\"mr-3 img-48\"><img decoding=\"async\" class=\"wpdm_icon\" alt=\"Ikona\" src=\"https:\/\/ms.renovabis.sk\/wp-content\/plugins\/download-manager\/assets\/file-type-icons\/pdf.svg\" \/><\/div>\n            <div class=\"media-body\">\n                <h3 class=\"package-title\"><a href='https:\/\/ms.renovabis.sk\/?wpdmpro=2020-zoznam-projektov-dorucenych-v-roku-2019'>2020 - Zoznam projektov doru\u010den\u00fdch v roku 2019<\/a><\/h3>\n                <div class=\"text-muted text-small\"><i class=\"fas fa-copy\"><\/i> 1 s\u00fabor(y) <i class=\"fas fa-hdd ml-3\"><\/i> 85.53 KB<\/div>\n            <\/div>\n            <div class=\"ml-3\">\n                <a class='wpdm-download-link download-on-click btn btn-primary btn-sm' rel='nofollow' href='#' data-downloadurl=\"https:\/\/ms.renovabis.sk\/?wpdmpro=2020-zoznam-projektov-dorucenych-v-roku-2019&wpdmdl=122&refresh=69fb2f3b9d1631778069307\">Stiahnu\u0165<\/a>\n            <\/div>\n        <\/div>\n    <\/div>\n<\/div>\n\n<\/div>\n<div class='w3eden'><!-- WPDM Link Template: Default Template -->\n\n<div class=\"link-template-default card mb-2\">\n    <div class=\"card-body\">\n        <div class=\"media\">\n            <div class=\"mr-3 img-48\"><img decoding=\"async\" class=\"wpdm_icon\" alt=\"Ikona\" src=\"https:\/\/ms.renovabis.sk\/wp-content\/plugins\/download-manager\/assets\/file-type-icons\/pdf.svg\" \/><\/div>\n            <div class=\"media-body\">\n                <h3 class=\"package-title\"><a href='https:\/\/ms.renovabis.sk\/?wpdmpro=2018-prirucka-pre-ziadatela-aktualizovana-verzia-1-2'>2019 - Pr\u00edru\u010dka pre \u017eiadate\u013ea (aktualizovan\u00e1, verzia 2.0)<\/a><\/h3>\n                <div class=\"text-muted text-small\"><i class=\"fas fa-copy\"><\/i> 1 s\u00fabor(y) <i class=\"fas fa-hdd ml-3\"><\/i> 1.80 MB<\/div>\n            <\/div>\n            <div class=\"ml-3\">\n                <a class='wpdm-download-link download-on-click btn btn-primary btn-sm' rel='nofollow' href='#' data-downloadurl=\"https:\/\/ms.renovabis.sk\/?wpdmpro=2018-prirucka-pre-ziadatela-aktualizovana-verzia-1-2&wpdmdl=82&refresh=69fb2f3b9e4db1778069307\">Stiahnu\u0165<\/a>\n            <\/div>\n        <\/div>\n    <\/div>\n<\/div>\n\n<\/div>\n<div class='w3eden'><!-- WPDM Link Template: Default Template -->\n\n<div class=\"link-template-default card mb-2\">\n    <div class=\"card-body\">\n        <div class=\"media\">\n            <div class=\"mr-3 img-48\"><img decoding=\"async\" class=\"wpdm_icon\" alt=\"Ikona\" src=\"https:\/\/ms.renovabis.sk\/wp-content\/plugins\/download-manager\/assets\/file-type-icons\/xls.svg\" \/><\/div>\n            <div class=\"media-body\">\n                <h3 class=\"package-title\"><a href='https:\/\/ms.renovabis.sk\/?wpdmpro=2018-tabulka-k-cenovym-ponukam'>2019 - Tabu\u013eka k cenov\u00fdm ponuk\u00e1m<\/a><\/h3>\n                <div class=\"text-muted text-small\"><i class=\"fas fa-copy\"><\/i> 1 s\u00fabor(y) <i class=\"fas fa-hdd ml-3\"><\/i> 22.00 KB<\/div>\n            <\/div>\n            <div class=\"ml-3\">\n                <a class='wpdm-download-link download-on-click btn btn-primary btn-sm' rel='nofollow' href='#' data-downloadurl=\"https:\/\/ms.renovabis.sk\/?wpdmpro=2018-tabulka-k-cenovym-ponukam&wpdmdl=78&refresh=69fb2f3b9f8671778069307\">Stiahnu\u0165<\/a>\n            <\/div>\n        <\/div>\n    <\/div>\n<\/div>\n\n<\/div>\n<div class='w3eden'><!-- WPDM Link Template: Default Template -->\n\n<div class=\"link-template-default card mb-2\">\n    <div class=\"card-body\">\n        <div class=\"media\">\n            <div class=\"mr-3 img-48\"><img decoding=\"async\" class=\"wpdm_icon\" alt=\"Ikona\" src=\"https:\/\/ms.renovabis.sk\/wp-content\/plugins\/download-manager\/assets\/file-type-icons\/doc.svg\" \/><\/div>\n            <div class=\"media-body\">\n                <h3 class=\"package-title\"><a href='https:\/\/ms.renovabis.sk\/?wpdmpro=2018-odporucana-osnova-koncepcie-rozvoja-cirkevnej-materskej-skoly'>2019 - Odpor\u00fa\u010dan\u00e1 osnova koncepcie rozvoja cirkevnej materskej \u0161koly<\/a><\/h3>\n                <div class=\"text-muted text-small\"><i class=\"fas fa-copy\"><\/i> 1 s\u00fabor(y) <i class=\"fas fa-hdd ml-3\"><\/i> 30.50 KB<\/div>\n            <\/div>\n            <div class=\"ml-3\">\n                <a class='wpdm-download-link download-on-click btn btn-primary btn-sm' rel='nofollow' href='#' data-downloadurl=\"https:\/\/ms.renovabis.sk\/?wpdmpro=2018-odporucana-osnova-koncepcie-rozvoja-cirkevnej-materskej-skoly&wpdmdl=83&refresh=69fb2f3ba0bc31778069307\">Stiahnu\u0165<\/a>\n            <\/div>\n        <\/div>\n    <\/div>\n<\/div>\n\n<\/div>\n<div class='w3eden'><!-- WPDM Link Template: Default Template -->\n\n<div class=\"link-template-default card mb-2\">\n    <div class=\"card-body\">\n        <div class=\"media\">\n            <div class=\"mr-3 img-48\"><img decoding=\"async\" class=\"wpdm_icon\" alt=\"Ikona\" src=\"https:\/\/ms.renovabis.sk\/wp-content\/plugins\/download-manager\/assets\/file-type-icons\/pdf.svg\" \/><\/div>\n            <div class=\"media-body\">\n                <h3 class=\"package-title\"><a href='https:\/\/ms.renovabis.sk\/?wpdmpro=vyzva-na-podavanie-projektov'>2019 \u2013 V\u00fdzva na pod\u00e1vanie projektov v roku 2019<\/a><\/h3>\n                <div class=\"text-muted text-small\"><i class=\"fas fa-copy\"><\/i> 1 s\u00fabor(y) <i class=\"fas fa-hdd ml-3\"><\/i> 145.35 KB<\/div>\n            <\/div>\n            <div class=\"ml-3\">\n                <a class='wpdm-download-link download-on-click btn btn-primary btn-sm' rel='nofollow' href='#' data-downloadurl=\"https:\/\/ms.renovabis.sk\/?wpdmpro=vyzva-na-podavanie-projektov&wpdmdl=101&refresh=69fb2f3ba1f1b1778069307\">Stiahnu\u0165<\/a>\n            <\/div>\n        <\/div>\n    <\/div>\n<\/div>\n\n<\/div>\n<div class='w3eden'><!-- WPDM Link Template: Default Template -->\n\n<div class=\"link-template-default card mb-2\">\n    <div class=\"card-body\">\n        <div class=\"media\">\n            <div class=\"mr-3 img-48\"><img decoding=\"async\" class=\"wpdm_icon\" alt=\"Ikona\" src=\"https:\/\/ms.renovabis.sk\/wp-content\/plugins\/download-manager\/assets\/file-type-icons\/pdf.svg\" \/><\/div>\n            <div class=\"media-body\">\n                <h3 class=\"package-title\"><a href='https:\/\/ms.renovabis.sk\/?wpdmpro=2018-kontrolny-zoznam-povinnych-priloh'>2019 - Kontroln\u00fd zoznam povinn\u00fdch pr\u00edloh<\/a><\/h3>\n                <div class=\"text-muted text-small\"><i class=\"fas fa-copy\"><\/i> 1 s\u00fabor(y) <i class=\"fas fa-hdd ml-3\"><\/i> 34.47 KB<\/div>\n            <\/div>\n            <div class=\"ml-3\">\n                <a class='wpdm-download-link download-on-click btn btn-primary btn-sm' rel='nofollow' href='#' data-downloadurl=\"https:\/\/ms.renovabis.sk\/?wpdmpro=2018-kontrolny-zoznam-povinnych-priloh&wpdmdl=81&refresh=69fb2f3ba32f81778069307\">Stiahnu\u0165<\/a>\n            <\/div>\n        <\/div>\n    <\/div>\n<\/div>\n\n<\/div>\n<div class='w3eden'><!-- WPDM Link Template: Default Template -->\n\n<div class=\"link-template-default card mb-2\">\n    <div class=\"card-body\">\n        <div class=\"media\">\n            <div class=\"mr-3 img-48\"><img decoding=\"async\" class=\"wpdm_icon\" alt=\"Ikona\" src=\"https:\/\/ms.renovabis.sk\/wp-content\/plugins\/download-manager\/assets\/file-type-icons\/pdf.svg\" \/><\/div>\n            <div class=\"media-body\">\n                <h3 class=\"package-title\"><a href='https:\/\/ms.renovabis.sk\/?wpdmpro=2018-formular-projektovej-ziadosti'>2019 - Formul\u00e1r projektovej \u017eiadosti<\/a><\/h3>\n                <div class=\"text-muted text-small\"><i class=\"fas fa-copy\"><\/i> 1 s\u00fabor(y) <i class=\"fas fa-hdd ml-3\"><\/i> 78.92 KB<\/div>\n            <\/div>\n            <div class=\"ml-3\">\n                <a class='wpdm-download-link download-on-click btn btn-primary btn-sm' rel='nofollow' href='#' data-downloadurl=\"https:\/\/ms.renovabis.sk\/?wpdmpro=2018-formular-projektovej-ziadosti&wpdmdl=80&refresh=69fb2f3ba46161778069307\">Stiahnu\u0165<\/a>\n            <\/div>\n        <\/div>\n    <\/div>\n<\/div>\n\n<\/div>\n<div class='w3eden'><!-- WPDM Link Template: Default Template -->\n\n<div class=\"link-template-default card mb-2\">\n    <div class=\"card-body\">\n        <div class=\"media\">\n            <div class=\"mr-3 img-48\"><img decoding=\"async\" class=\"wpdm_icon\" alt=\"Ikona\" src=\"https:\/\/ms.renovabis.sk\/wp-content\/plugins\/download-manager\/assets\/file-type-icons\/pdf.svg\" \/><\/div>\n            <div class=\"media-body\">\n                <h3 class=\"package-title\"><a href='https:\/\/ms.renovabis.sk\/?wpdmpro=2018-hodnotiace-kriteria'>2019 - Hodnotiace krit\u00e9ri\u00e1<\/a><\/h3>\n                <div class=\"text-muted text-small\"><i class=\"fas fa-copy\"><\/i> 1 s\u00fabor(y) <i class=\"fas fa-hdd ml-3\"><\/i> 39.30 KB<\/div>\n            <\/div>\n            <div class=\"ml-3\">\n                <a class='wpdm-download-link download-on-click btn btn-primary btn-sm' rel='nofollow' href='#' data-downloadurl=\"https:\/\/ms.renovabis.sk\/?wpdmpro=2018-hodnotiace-kriteria&wpdmdl=79&refresh=69fb2f3ba59891778069307\">Stiahnu\u0165<\/a>\n            <\/div>\n        <\/div>\n    <\/div>\n<\/div>\n\n<\/div>\n<div class='w3eden'><!-- WPDM Link Template: Default Template -->\n\n<div class=\"link-template-default card mb-2\">\n    <div class=\"card-body\">\n        <div class=\"media\">\n            <div class=\"mr-3 img-48\"><img decoding=\"async\" class=\"wpdm_icon\" alt=\"Ikona\" src=\"https:\/\/ms.renovabis.sk\/wp-content\/plugins\/download-manager\/assets\/file-type-icons\/pdf.svg\" \/><\/div>\n            <div class=\"media-body\">\n                <h3 class=\"package-title\"><a href='https:\/\/ms.renovabis.sk\/?wpdmpro=2018-zoznam-schvalenych-projektov'>2018 - Zoznam schv\u00e1len\u00fdch projektov<\/a><\/h3>\n                <div class=\"text-muted text-small\"><i class=\"fas fa-copy\"><\/i> 1 s\u00fabor(y) <i class=\"fas fa-hdd ml-3\"><\/i> 40.28 KB<\/div>\n            <\/div>\n            <div class=\"ml-3\">\n                <a class='wpdm-download-link download-on-click btn btn-primary btn-sm' rel='nofollow' href='#' data-downloadurl=\"https:\/\/ms.renovabis.sk\/?wpdmpro=2018-zoznam-schvalenych-projektov&wpdmdl=84&refresh=69fb2f3ba6d311778069307\">Stiahnu\u0165<\/a>\n            <\/div>\n        <\/div>\n    <\/div>\n<\/div>\n\n<\/div>\n\n","protected":false},"excerpt":{"rendered":"","protected":false},"author":1,"featured_media":0,"parent":0,"menu_order":0,"comment_status":"closed","ping_status":"closed","template":"","meta":{"footnotes":""},"class_list":["post-42","page","type-page","status-publish","hentry"],"_links":{"self":[{"href":"https:\/\/ms.renovabis.sk\/index.php?rest_route=\/wp\/v2\/pages\/42"}],"collection":[{"href":"https:\/\/ms.renovabis.sk\/index.php?rest_route=\/wp\/v2\/pages"}],"about":[{"href":"https:\/\/ms.renovabis.sk\/index.php?rest_route=\/wp\/v2\/types\/page"}],"author":[{"embeddable":true,"href":"https:\/\/ms.renovabis.sk\/index.php?rest_route=\/wp\/v2\/users\/1"}],"replies":[{"embeddable":true,"href":"https:\/\/ms.renovabis.sk\/index.php?rest_route=%2Fwp%2Fv2%2Fcomments&post=42"}],"version-history":[{"count":9,"href":"https:\/\/ms.renovabis.sk\/index.php?rest_route=\/wp\/v2\/pages\/42\/revisions"}],"predecessor-version":[{"id":128,"href":"https:\/\/ms.renovabis.sk\/index.php?rest_route=\/wp\/v2\/pages\/42\/revisions\/128"}],"wp:attachment":[{"href":"https:\/\/ms.renovabis.sk\/index.php?rest_route=%2Fwp%2Fv2%2Fmedia&parent=42"}],"curies":[{"name":"wp","href":"https:\/\/api.w.org\/{rel}","templated":true}]}}